{"id":111,"date":"2018-11-24T12:35:32","date_gmt":"2018-11-24T10:35:32","guid":{"rendered":"https:\/\/www.tukijatyonohjaus.fi\/?page_id=111"},"modified":"2018-11-24T12:35:32","modified_gmt":"2018-11-24T10:35:32","slug":"evasteet","status":"publish","type":"page","link":"https:\/\/www.tukijatyonohjaus.fi\/?page_id=111","title":{"rendered":"Ev\u00e4steet"},"content":{"rendered":"<p>T\u00e4ll\u00e4 sivustolla k\u00e4ytet\u00e4\u00e4n ev\u00e4steit\u00e4. Ev\u00e4ste on verkkosivuston l\u00e4hett\u00e4m\u00e4 pieni yksinkertainen tekstitiedosto, joka tallentuu tietokoneelle, \u00e4lypuhelimeen tai tablettiin.<\/p>\n<p>K\u00e4yt\u00e4mme ev\u00e4steit\u00e4 asetustesi muistamiseen. Ne eiv\u00e4t sis\u00e4ll\u00e4 henkil\u00f6tietoja. Ev\u00e4steiden k\u00e4yt\u00f6n voi est\u00e4\u00e4 selaimen asetuksista, mutta estolla saattaa olla kielteinen vaikutus sivuston toimintaan.<\/p>\n","protected":false},"excerpt":{"rendered":"<p>T\u00e4ll\u00e4 sivustolla k\u00e4ytet\u00e4\u00e4n ev\u00e4steit\u00e4. Ev\u00e4ste on verkkosivuston l\u00e4hett\u00e4m\u00e4 pieni yksinkertainen tekstitiedosto, joka tallentuu tietokoneelle, \u00e4lypuhelimeen tai tablettiin. K\u00e4yt\u00e4mme ev\u00e4steit\u00e4 asetustesi muistamiseen. Ne eiv\u00e4t sis\u00e4ll\u00e4 henkil\u00f6tietoja. Ev\u00e4steiden k\u00e4yt\u00f6n voi est\u00e4\u00e4 selaimen asetuksista, mutta estolla saattaa olla kielteinen vaikutus sivuston toimintaan.<\/p>\n","protected":false},"author":1,"featured_media":0,"parent":0,"menu_order":0,"comment_status":"closed","ping_status":"closed","template":"","meta":{"footnotes":""},"class_list":["post-111","page","type-page","status-publish","hentry"],"_links":{"self":[{"href":"https:\/\/www.tukijatyonohjaus.fi\/index.php?rest_route=\/wp\/v2\/pages\/111","targetHints":{"allow":["GET"]}}],"collection":[{"href":"https:\/\/www.tukijatyonohjaus.fi\/index.php?rest_route=\/wp\/v2\/pages"}],"about":[{"href":"https:\/\/www.tukijatyonohjaus.fi\/index.php?rest_route=\/wp\/v2\/types\/page"}],"author":[{"embeddable":true,"href":"https:\/\/www.tukijatyonohjaus.fi\/index.php?rest_route=\/wp\/v2\/users\/1"}],"replies":[{"embeddable":true,"href":"https:\/\/www.tukijatyonohjaus.fi\/index.php?rest_route=%2Fwp%2Fv2%2Fcomments&post=111"}],"version-history":[{"count":1,"href":"https:\/\/www.tukijatyonohjaus.fi\/index.php?rest_route=\/wp\/v2\/pages\/111\/revisions"}],"predecessor-version":[{"id":112,"href":"https:\/\/www.tukijatyonohjaus.fi\/index.php?rest_route=\/wp\/v2\/pages\/111\/revisions\/112"}],"wp:attachment":[{"href":"https:\/\/www.tukijatyonohjaus.fi\/index.php?rest_route=%2Fwp%2Fv2%2Fmedia&parent=111"}],"curies":[{"name":"wp","href":"https:\/\/api.w.org\/{rel}","templated":true}]}}